{"id":58691,"date":"2017-09-28T10:53:44","date_gmt":"2017-09-28T10:53:44","guid":{"rendered":"https:\/\/arq.trigger.pt\/mapa-del-sitio\/"},"modified":"2019-06-17T16:04:46","modified_gmt":"2019-06-17T16:04:46","slug":"mapa-del-sitio","status":"publish","type":"page","link":"https:\/\/arq.trigger.pt\/es-CO\/mapa-del-sitio\/","title":{"rendered":"Mapa del Sitio"},"content":{"rendered":"<div class=\"wpb-content-wrapper\"><p>[vc_row type=&#8221;vc_default&#8221; css=&#8221;.vc_custom_1516225541886{margin-top: 70px !important;margin-bottom: 80px !important;}&#8221;][vc_column][vc_column_text]\n<!-- Page-list plugin v.5.9 wordpress.org\/plugins\/page-list\/ -->\n<ul class=\"page-list \">\n<li class=\"page_item page-item-58466\"><a href=\"https:\/\/arq.trigger.pt\/es-CO\/\">Inicio<\/a><\/li>\n<li class=\"page_item page-item-58649\"><a href=\"https:\/\/arq.trigger.pt\/es-CO\/arquiled\/\">Arquiled<\/a><\/li>\n<li class=\"page_item page-item-58441 page_item_has_children\"><a href=\"https:\/\/arq.trigger.pt\/es-CO\/soluciones\/\">Soluciones<\/a>\n<ul class='children'>\n\t<li class=\"page_item page-item-58439\"><a href=\"https:\/\/arq.trigger.pt\/es-CO\/soluciones\/iluminacion-publica\/\">Alumbrado P\u00fablico<\/a><\/li>\n\t<li class=\"page_item page-item-58498\"><a href=\"https:\/\/arq.trigger.pt\/es-CO\/soluciones\/sistemas-de-gestion\/\">Sistemas de Gesti\u00f3n<\/a><\/li>\n\t<li class=\"page_item page-item-58500\"><a href=\"https:\/\/arq.trigger.pt\/es-CO\/soluciones\/iluminacion-arquitectonica\/\">Iluminaci\u00f3n Arquitect\u00f3nica<\/a><\/li>\n\t<li class=\"page_item page-item-58532\"><a href=\"https:\/\/arq.trigger.pt\/es-CO\/soluciones\/iluminacion-comercial\/\">Iluminaci\u00f3n Comercial<\/a><\/li>\n\t<li class=\"page_item page-item-68545\"><a href=\"https:\/\/arq.trigger.pt\/es-CO\/soluciones\/dispositivos-higya-led-uv-c\/\">HiGYA<\/a><\/li>\n\t<li class=\"page_item page-item-71330\"><a href=\"https:\/\/arq.trigger.pt\/es-CO\/soluciones\/gemini-luminaria-led-solar-autonoma-de-alumbrado-publico\/\">Gemini<\/a><\/li>\n\t<li class=\"page_item page-item-58547\"><a href=\"https:\/\/arq.trigger.pt\/es-CO\/soluciones\/iluminacion-escenica\/\">Iluminaci\u00f3n Esc\u00e9nica<\/a><\/li>\n<\/ul>\n<\/li>\n<li class=\"page_item page-item-59151\"><a href=\"https:\/\/arq.trigger.pt\/es-CO\/productos-arquiled\/\">Productos Arquiled<\/a><\/li>\n<li class=\"page_item page-item-69763\"><a href=\"https:\/\/arq.trigger.pt\/es-CO\/productos-descontinuados\/\">Productos Descontinuados<\/a><\/li>\n<li class=\"page_item page-item-58565 page_item_has_children\"><a href=\"https:\/\/arq.trigger.pt\/es-CO\/servicios\/\">Servicios<\/a>\n<ul class='children'>\n\t<li class=\"page_item page-item-58572\"><a href=\"https:\/\/arq.trigger.pt\/es-CO\/servicios\/proyectos-de-iluminacion\/\">Proyectos de Iluminaci\u00f3n<\/a><\/li>\n\t<li class=\"page_item page-item-58592\"><a href=\"https:\/\/arq.trigger.pt\/es-CO\/servicios\/apoyo-al-estudio-esco\/\">Apoyo al Estudio ESE<\/a><\/li>\n\t<li class=\"page_item page-item-58604\"><a href=\"https:\/\/arq.trigger.pt\/es-CO\/servicios\/customizacion\/\">Customizaci\u00f3n<\/a><\/li>\n\t<li class=\"page_item page-item-58615\"><a href=\"https:\/\/arq.trigger.pt\/es-CO\/servicios\/lighting-service-laas\/\">Lighting as a Service (LaaS)<\/a><\/li>\n\t<li class=\"page_item page-item-58623\"><a href=\"https:\/\/arq.trigger.pt\/es-CO\/servicios\/analisis-del-payback\/\">An\u00e1lisis del Payback<\/a><\/li>\n<\/ul>\n<\/li>\n<li class=\"page_item page-item-66230\"><a href=\"https:\/\/arq.trigger.pt\/es-CO\/proyectos\/\">Proyectos Arquiled<\/a><\/li>\n<li class=\"page_item page-item-58640\"><a href=\"https:\/\/arq.trigger.pt\/es-CO\/blog\/\">Blog<\/a><\/li>\n<li class=\"page_item page-item-65794\"><a href=\"https:\/\/arq.trigger.pt\/es-CO\/arquiled-proyectos-cofinanciados-compete2020\/\">Proyectos Cofinanciados Compete 2020<\/a><\/li>\n<li class=\"page_item page-item-65251 page_item_has_children\"><a href=\"https:\/\/arq.trigger.pt\/es-CO\/arquiled-proyectos-cofinanciados\/\">Proyectos Cofinanciados<\/a>\n<ul class='children'>\n\t<li class=\"page_item page-item-63746\"><a href=\"https:\/\/arq.trigger.pt\/es-CO\/arquiled-proyectos-cofinanciados\/llesa-web\/\">LLESA &#8211; Luminaria LED Solar Aut\u00f3noma<\/a><\/li>\n\t<li class=\"page_item page-item-65265\"><a href=\"https:\/\/arq.trigger.pt\/es-CO\/arquiled-proyectos-cofinanciados\/inovacao-produtiva-covid-19\/\">LLUVC &#8211; Inova\u00e7\u00e3o Produtiva COVID-19<\/a><\/li>\n\t<li class=\"page_item page-item-58677\"><a href=\"https:\/\/arq.trigger.pt\/es-CO\/arquiled-proyectos-cofinanciados\/proyecto-idt\/\">Proyecto I&#038;DT<\/a><\/li>\n<\/ul>\n<\/li>\n<li class=\"page_item page-item-58646\"><a href=\"https:\/\/arq.trigger.pt\/es-CO\/contacto\/\">Contacto<\/a><\/li>\n<li class=\"page_item page-item-58671\"><a href=\"https:\/\/arq.trigger.pt\/es-CO\/socios\/\">Socios<\/a><\/li>\n<li class=\"page_item page-item-58679\"><a href=\"https:\/\/arq.trigger.pt\/es-CO\/apoyo-p2020\/\">Apoyo P2020<\/a><\/li>\n<li class=\"page_item page-item-59221\"><a href=\"https:\/\/arq.trigger.pt\/es-CO\/politica-de-cookies\/\">Pol\u00edtica de Cookies<\/a><\/li>\n<li class=\"page_item page-item-59215\"><a href=\"https:\/\/arq.trigger.pt\/es-CO\/politica-de-privacidad\/\">Pol\u00edtica de Privacidad<\/a><\/li>\n<li class=\"page_item page-item-58687\"><a href=\"https:\/\/arq.trigger.pt\/es-CO\/terminos-y-condiciones-de-uso\/\">T\u00e9rminos y condiciones de uso<\/a><\/li>\n<li class=\"page_item page-item-58691\"><a href=\"https:\/\/arq.trigger.pt\/es-CO\/mapa-del-sitio\/\">Mapa del Sitio<\/a><\/li>\n<li class=\"page_item page-item-62810\"><a href=\"https:\/\/arq.trigger.pt\/es-CO\/condiciones-de-venta\/\">Condiciones de Venta<\/a><\/li>\n<li class=\"page_item page-item-59197\"><a href=\"https:\/\/arq.trigger.pt\/es-CO\/archivo-mes\/\">Archivo por Mes<\/a><\/li>\n\n<\/ul>[\/vc_column_text][\/vc_column][\/vc_row]<\/p>\n<\/div>","protected":false},"excerpt":{"rendered":"<p>[vc_row type=&#8221;vc_default&#8221; css=&#8221;.vc_custom_1516225541886{margin-top: 70px !important;margin-bottom: 80px !important;}&#8221;][vc_column][vc_column_text][\/vc_column_text][\/vc_column][\/vc_row]<\/p>\n","protected":false},"author":13,"featured_media":0,"parent":0,"menu_order":133,"comment_status":"closed","ping_status":"closed","template":"","meta":{"_acf_changed":false,"footnotes":""},"class_list":["post-58691","page","type-page","status-publish","hentry","description-off"],"acf":[],"yoast_head":"<!-- This site is optimized with the Yoast SEO plugin v26.1 - https:\/\/yoast.com\/wordpress\/plugins\/seo\/ -->\n<title>Soluciones de Iluminaci\u00f3n LED | Arquiled Colombia - Mapa de P\u00e1gina Web<\/title>\n<meta name=\"description\" content=\"Bienvenido a la p\u00e1gina Web de Arquiled. En este mapa, puede encontrar r\u00e1pidamente lo que busca y navegar f\u00e1cilmente por nuestra p\u00e1gina Web. | Arquiled Colombia - Soluciones de Iluminaci\u00f3n LED\" \/>\n<meta name=\"robots\" content=\"noindex, follow, max-snippet:-1, max-image-preview:large, max-video-preview:-1\" \/>\n<meta name=\"twitter:card\" content=\"summary_large_image\" \/>\n<meta name=\"twitter:title\" content=\"Soluciones de Iluminaci\u00f3n LED | Arquiled Colombia - Mapa de P\u00e1gina Web\" \/>\n<meta name=\"twitter:description\" content=\"Bienvenido a la p\u00e1gina Web de Arquiled. En este mapa, puede encontrar r\u00e1pidamente lo que busca y navegar f\u00e1cilmente por nuestra p\u00e1gina Web. | Arquiled Colombia - Soluciones de Iluminaci\u00f3n LED\" \/>\n<script type=\"application\/ld+json\" class=\"yoast-schema-graph\">{\"@context\":\"https:\/\/schema.org\",\"@graph\":[{\"@type\":\"WebPage\",\"@id\":\"https:\/\/arq.trigger.pt\/es-CO\/mapa-del-sitio\/\",\"url\":\"https:\/\/arq.trigger.pt\/es-CO\/mapa-del-sitio\/\",\"name\":\"Soluciones de Iluminaci\u00f3n LED | Arquiled Colombia - Mapa de P\u00e1gina Web\",\"isPartOf\":{\"@id\":\"https:\/\/arq.trigger.pt\/es-CO\/#website\"},\"datePublished\":\"2017-09-28T10:53:44+00:00\",\"dateModified\":\"2019-06-17T16:04:46+00:00\",\"description\":\"Bienvenido a la p\u00e1gina Web de Arquiled. En este mapa, puede encontrar r\u00e1pidamente lo que busca y navegar f\u00e1cilmente por nuestra p\u00e1gina Web. | Arquiled Colombia - Soluciones de Iluminaci\u00f3n LED\",\"breadcrumb\":{\"@id\":\"https:\/\/arq.trigger.pt\/es-CO\/mapa-del-sitio\/#breadcrumb\"},\"inLanguage\":\"es-CO\",\"potentialAction\":[{\"@type\":\"ReadAction\",\"target\":[\"https:\/\/arq.trigger.pt\/es-CO\/mapa-del-sitio\/\"]}]},{\"@type\":\"BreadcrumbList\",\"@id\":\"https:\/\/arq.trigger.pt\/es-CO\/mapa-del-sitio\/#breadcrumb\",\"itemListElement\":[{\"@type\":\"ListItem\",\"position\":1,\"name\":\"In\u00edcio\",\"item\":\"https:\/\/arq.trigger.pt\/es-CO\/\"},{\"@type\":\"ListItem\",\"position\":2,\"name\":\"Mapa del Sitio\"}]},{\"@type\":\"WebSite\",\"@id\":\"https:\/\/arq.trigger.pt\/es-CO\/#website\",\"url\":\"https:\/\/arq.trigger.pt\/es-CO\/\",\"name\":\"Arquiled\",\"description\":\"Bright New Future\",\"publisher\":{\"@id\":\"https:\/\/arq.trigger.pt\/es-CO\/#organization\"},\"potentialAction\":[{\"@type\":\"SearchAction\",\"target\":{\"@type\":\"EntryPoint\",\"urlTemplate\":\"https:\/\/arq.trigger.pt\/es-CO\/?s={search_term_string}\"},\"query-input\":{\"@type\":\"PropertyValueSpecification\",\"valueRequired\":true,\"valueName\":\"search_term_string\"}}],\"inLanguage\":\"es-CO\"},{\"@type\":\"Organization\",\"@id\":\"https:\/\/arq.trigger.pt\/es-CO\/#organization\",\"name\":\"Arquiled - Bright New Future\",\"url\":\"https:\/\/arq.trigger.pt\/es-CO\/\",\"logo\":{\"@type\":\"ImageObject\",\"inLanguage\":\"es-CO\",\"@id\":\"https:\/\/arq.trigger.pt\/es-CO\/#\/schema\/logo\/image\/\",\"url\":\"https:\/\/arq.trigger.pt\/wp-content\/uploads\/2018\/01\/logo-arquiled_retina.png\",\"contentUrl\":\"https:\/\/arq.trigger.pt\/wp-content\/uploads\/2018\/01\/logo-arquiled_retina.png\",\"width\":490,\"height\":144,\"caption\":\"Arquiled - Bright New Future\"},\"image\":{\"@id\":\"https:\/\/arq.trigger.pt\/es-CO\/#\/schema\/logo\/image\/\"},\"sameAs\":[\"https:\/\/www.facebook.com\/arquilediluminacao\",\"https:\/\/www.linkedin.com\/company\/arquiled\/\"]}]}<\/script>\n<!-- \/ Yoast SEO plugin. -->","yoast_head_json":{"title":"Soluciones de Iluminaci\u00f3n LED | Arquiled Colombia - Mapa de P\u00e1gina Web","description":"Bienvenido a la p\u00e1gina Web de Arquiled. En este mapa, puede encontrar r\u00e1pidamente lo que busca y navegar f\u00e1cilmente por nuestra p\u00e1gina Web. | Arquiled Colombia - Soluciones de Iluminaci\u00f3n LED","robots":{"index":"noindex","follow":"follow","max-snippet":"max-snippet:-1","max-image-preview":"max-image-preview:large","max-video-preview":"max-video-preview:-1"},"twitter_card":"summary_large_image","twitter_title":"Soluciones de Iluminaci\u00f3n LED | Arquiled Colombia - Mapa de P\u00e1gina Web","twitter_description":"Bienvenido a la p\u00e1gina Web de Arquiled. En este mapa, puede encontrar r\u00e1pidamente lo que busca y navegar f\u00e1cilmente por nuestra p\u00e1gina Web. | Arquiled Colombia - Soluciones de Iluminaci\u00f3n LED","schema":{"@context":"https:\/\/schema.org","@graph":[{"@type":"WebPage","@id":"https:\/\/arq.trigger.pt\/es-CO\/mapa-del-sitio\/","url":"https:\/\/arq.trigger.pt\/es-CO\/mapa-del-sitio\/","name":"Soluciones de Iluminaci\u00f3n LED | Arquiled Colombia - Mapa de P\u00e1gina Web","isPartOf":{"@id":"https:\/\/arq.trigger.pt\/es-CO\/#website"},"datePublished":"2017-09-28T10:53:44+00:00","dateModified":"2019-06-17T16:04:46+00:00","description":"Bienvenido a la p\u00e1gina Web de Arquiled. En este mapa, puede encontrar r\u00e1pidamente lo que busca y navegar f\u00e1cilmente por nuestra p\u00e1gina Web. | Arquiled Colombia - Soluciones de Iluminaci\u00f3n LED","breadcrumb":{"@id":"https:\/\/arq.trigger.pt\/es-CO\/mapa-del-sitio\/#breadcrumb"},"inLanguage":"es-CO","potentialAction":[{"@type":"ReadAction","target":["https:\/\/arq.trigger.pt\/es-CO\/mapa-del-sitio\/"]}]},{"@type":"BreadcrumbList","@id":"https:\/\/arq.trigger.pt\/es-CO\/mapa-del-sitio\/#breadcrumb","itemListElement":[{"@type":"ListItem","position":1,"name":"In\u00edcio","item":"https:\/\/arq.trigger.pt\/es-CO\/"},{"@type":"ListItem","position":2,"name":"Mapa del Sitio"}]},{"@type":"WebSite","@id":"https:\/\/arq.trigger.pt\/es-CO\/#website","url":"https:\/\/arq.trigger.pt\/es-CO\/","name":"Arquiled","description":"Bright New Future","publisher":{"@id":"https:\/\/arq.trigger.pt\/es-CO\/#organization"},"potentialAction":[{"@type":"SearchAction","target":{"@type":"EntryPoint","urlTemplate":"https:\/\/arq.trigger.pt\/es-CO\/?s={search_term_string}"},"query-input":{"@type":"PropertyValueSpecification","valueRequired":true,"valueName":"search_term_string"}}],"inLanguage":"es-CO"},{"@type":"Organization","@id":"https:\/\/arq.trigger.pt\/es-CO\/#organization","name":"Arquiled - Bright New Future","url":"https:\/\/arq.trigger.pt\/es-CO\/","logo":{"@type":"ImageObject","inLanguage":"es-CO","@id":"https:\/\/arq.trigger.pt\/es-CO\/#\/schema\/logo\/image\/","url":"https:\/\/arq.trigger.pt\/wp-content\/uploads\/2018\/01\/logo-arquiled_retina.png","contentUrl":"https:\/\/arq.trigger.pt\/wp-content\/uploads\/2018\/01\/logo-arquiled_retina.png","width":490,"height":144,"caption":"Arquiled - Bright New Future"},"image":{"@id":"https:\/\/arq.trigger.pt\/es-CO\/#\/schema\/logo\/image\/"},"sameAs":["https:\/\/www.facebook.com\/arquilediluminacao","https:\/\/www.linkedin.com\/company\/arquiled\/"]}]}},"_links":{"self":[{"href":"https:\/\/arq.trigger.pt\/es-CO\/wp-json\/wp\/v2\/pages\/58691","targetHints":{"allow":["GET"]}}],"collection":[{"href":"https:\/\/arq.trigger.pt\/es-CO\/wp-json\/wp\/v2\/pages"}],"about":[{"href":"https:\/\/arq.trigger.pt\/es-CO\/wp-json\/wp\/v2\/types\/page"}],"author":[{"embeddable":true,"href":"https:\/\/arq.trigger.pt\/es-CO\/wp-json\/wp\/v2\/users\/13"}],"replies":[{"embeddable":true,"href":"https:\/\/arq.trigger.pt\/es-CO\/wp-json\/wp\/v2\/comments?post=58691"}],"version-history":[{"count":0,"href":"https:\/\/arq.trigger.pt\/es-CO\/wp-json\/wp\/v2\/pages\/58691\/revisions"}],"wp:attachment":[{"href":"https:\/\/arq.trigger.pt\/es-CO\/wp-json\/wp\/v2\/media?parent=58691"}],"curies":[{"name":"wp","href":"https:\/\/api.w.org\/{rel}","templated":true}]}}