{"id":65265,"date":"2020-08-03T14:56:48","date_gmt":"2020-08-03T14:56:48","guid":{"rendered":"https:\/\/arq.trigger.pt\/inovacao-produtiva-covid-19\/"},"modified":"2020-11-13T11:53:55","modified_gmt":"2020-11-13T11:53:55","slug":"inovacao-produtiva-covid-19","status":"publish","type":"page","link":"https:\/\/arq.trigger.pt\/es-CO\/arquiled-proyectos-cofinanciados\/inovacao-produtiva-covid-19\/","title":{"rendered":"LLUVC &#8211; Inova\u00e7\u00e3o Produtiva COVID-19"},"content":{"rendered":"<div class=\"wpb-content-wrapper\"><p>[vc_row type=&#8221;vc_default&#8221; css=&#8221;.vc_custom_1516755669577{margin-top: 70px !important;margin-bottom: 70px !important;border-top-width: 1px !important;border-bottom-width: 1px !important;border-top-color: #da2128 !important;border-top-style: solid !important;border-bottom-color: #da2128 !important;border-bottom-style: solid !important;}&#8221; el_class=&#8221;accent-border-color&#8221;][vc_column][vc_single_image image=&#8221;65756&#8243; img_size=&#8221;full&#8221; css=&#8221;.vc_custom_1605267602220{margin-bottom: 50px !important;}&#8221;][\/vc_column][\/vc_row][vc_row type=&#8221;vc_default&#8221; css=&#8221;.vc_custom_1574163143663{margin-top: 70px !important;}&#8221;][vc_column][vc_column_text]<strong>Designa\u00e7\u00e3o do Projeto |<\/strong> LED Luminaires UV-C (LLUVC)<\/p>\n<p><strong>C\u00f3digo do Projeto<\/strong> <strong>|<\/strong> ALT20-01-08B9-FEDER-048646<\/p>\n<p><strong>Objetivo principal |\u00a0<\/strong>Refor\u00e7ar a Competitividade das PME<\/p>\n<p><strong>Regi\u00e3o de Interven\u00e7\u00e3o | <\/strong>Mora<\/p>\n<p><strong>Entidade Benefici\u00e1ria |<\/strong>\u00a0Arquiled \u2013 Projectos de Ilumina\u00e7\u00e3o S.A.<\/p>\n<p><strong>\u00a0<\/strong><\/p>\n<p><strong>Data da aprova\u00e7\u00e3o | <\/strong>2020\/07\/10<\/p>\n<p><strong>Data de in\u00edcio | <\/strong>2020\/05\/08<\/p>\n<p><strong>Data de conclus\u00e3o |<\/strong> 2021\/01\/09<\/p>\n<p><strong>Custo total eleg\u00edvel |\u00a0<\/strong>266.600,00 Euros<\/p>\n<p><strong>Apoio financeiro da Uni\u00e3o Europeia |<\/strong>\u00a0213.280,00 Euros<\/p>\n<p><strong>\u00a0<\/strong><\/p>\n<p><strong>Descri\u00e7\u00e3o do Projeto:<\/strong><\/p>\n<p>No panorama atual, em que o mundo se debate com uma pandemia global de COVID-19, provocada pelo novo coronav\u00edrus SARS-CoV-2, do qual se continua a saber pouco, a n\u00e3o ser que tem uma r\u00e1pida taxa de cont\u00e1gio e mortalidade, urge encontrar respostas adicionais de combate \u00e0 situa\u00e7\u00e3o epidemiol\u00f3gica em que vivemos, nomeadamente na esteriliza\u00e7\u00e3o dos espa\u00e7os e dos objetos, atrav\u00e9s da utiliza\u00e7\u00e3o de luz ultravioleta (UV-C). Dado que a sua capacidade de esteriliza\u00e7\u00e3o e redu\u00e7\u00e3o na propaga\u00e7\u00e3o de infe\u00e7\u00f5es est\u00e1 largamente documentada e a sua utiliza\u00e7\u00e3o em ambiente hospitalar e instala\u00e7\u00f5es m\u00e9dicas est\u00e1 parametrizada no conjunto de orienta\u00e7\u00f5es definidas pelo Centro de Controlo e Preven\u00e7\u00e3o de Doen\u00e7as (CDC) dos Estados Unidos, atrav\u00e9s das chamadas l\u00e2mpadas germicidas de UV.<\/p>\n<p>A Arquiled prop\u00f5e-se a desenvolver uma solu\u00e7\u00e3o de esteriliza\u00e7\u00e3o de espa\u00e7os e superf\u00edcies, utilizando as propriedades de desinfe\u00e7\u00e3o da luz UV-C, atrav\u00e9s da tecnologia <em>Light Emitting Diode<\/em> (LED).<\/p>\n<p>&nbsp;<\/p>\n<p><strong>Objetivos a atingir <\/strong><\/p>\n<p>A capacidade de esteriliza\u00e7\u00e3o do UV-C pode ajudar a combater a COVID-19, gra\u00e7as capacidade de esteriliza\u00e7\u00e3o do UV-C que permite desinfetar o ar em grandes \u00e1reas, sendo uma aplica\u00e7\u00e3o segura com efic\u00e1cia comprovada, desde que seguidas as precau\u00e7\u00f5es de seguran\u00e7a.<\/p>\n<p>O LED emitindo no comprimento de onda do UV-C e apresenta um conjunto de vantagens superior a outras fontes convencionais de emiss\u00e3o de luz:<\/p>\n<p>&#8211; \u00c9 uma fonte de emiss\u00e3o de luz limpa e segura, com menor impacte ambiental e menos emiss\u00f5es de CO2;<\/p>\n<p>&#8211; Tem um fluxo cont\u00ednuo, sem intermit\u00eancia de ciclos de emiss\u00e3o de luz;<\/p>\n<p>&#8211; Tempo de vida \u00fatil igual ou superior a 10 mil horas e com grande durabilidade;<\/p>\n<p>&#8211; \u201cAcende\u201d imediatamente, sem necessidade de aquecimento.<\/p>\n<p>&nbsp;<\/p>\n<p><strong>S<\/strong><strong>olu\u00e7\u00e3o proposta<\/strong><\/p>\n<p>Com este projeto pretende-se desenvolver uma solu\u00e7\u00e3o de esteriliza\u00e7\u00e3o de espa\u00e7os e superf\u00edcies, que se traduzem em dois tipos de dispositivos: lumin\u00e1rias em altura e cubas de desinfe\u00e7\u00e3o de luz UV-C, utilizando tecnologia Light Emitting Diode (LED).<\/p>\n<p>Os dispositivos a desenvolver:<\/p>\n<p><strong>&#8211; Lumin\u00e1rias suspensas<\/strong>: conce\u00e7\u00e3o e desenvolvimento de lumin\u00e1rias, direcionadas para o teto das divis\u00f5es, esterilizando o ar sem expor os ocupantes \u00e0 irradia\u00e7\u00e3o.<\/p>\n<p>&#8211; <strong>Cubas de desinfe\u00e7\u00e3o<\/strong>: espa\u00e7os fechados e opacos onde podem ser colocados objetos para esteriliza\u00e7\u00e3o de superf\u00edcie direta, como dispositivos pessoais eletr\u00f3nicos (telem\u00f3veis, computadores, etc), no regresso a casa ou at\u00e9 em ambiente de trabalho.[\/vc_column_text][\/vc_column][\/vc_row][vc_row][vc_column][vc_empty_space height=&#8221;50px&#8221;][\/vc_column][\/vc_row]<\/p>\n<\/div>","protected":false},"excerpt":{"rendered":"<p>[vc_row type=&#8221;vc_default&#8221; css=&#8221;.vc_custom_1516755669577{margin-top: 70px !important;margin-bottom: 70px !important;border-top-width: 1px !important;border-bottom-width: 1px !important;border-top-color: #da2128 !important;border-top-style: solid !important;border-bottom-color: #da2128 !important;border-bottom-style: solid !important;}&#8221; el_class=&#8221;accent-border-color&#8221;][vc_column][vc_single_image image=&#8221;65756&#8243; img_size=&#8221;full&#8221; css=&#8221;.vc_custom_1605267602220{margin-bottom: 50px !important;}&#8221;][\/vc_column][\/vc_row][vc_row type=&#8221;vc_default&#8221; css=&#8221;.vc_custom_1574163143663{margin-top: 70px !important;}&#8221;][vc_column][vc_column_text]Designa\u00e7\u00e3o do Projeto | LED Luminaires UV-C (LLUVC) C\u00f3digo do Projeto | ALT20-01-08B9-FEDER-048646 Objetivo principal |\u00a0Refor\u00e7ar a Competitividade das PME Regi\u00e3o de Interven\u00e7\u00e3o | Mora Entidade Benefici\u00e1ria&hellip;<\/p>\n","protected":false},"author":14,"featured_media":0,"parent":65251,"menu_order":107,"comment_status":"closed","ping_status":"closed","template":"","meta":{"_acf_changed":false,"footnotes":""},"class_list":["post-65265","page","type-page","status-publish","hentry","description-off"],"acf":[],"yoast_head":"<!-- This site is optimized with the Yoast SEO plugin v26.1 - https:\/\/yoast.com\/wordpress\/plugins\/seo\/ -->\n<title>LED Luminaires UV-C - Inovaci\u00f3n Productiva COVID-19 | Arquiled<\/title>\n<meta name=\"description\" content=\"Proyecto con el objetivo de desarrollar una soluci\u00f3n para esterilizar espacios y superficies, utilizando las propiedades de desinfecci\u00f3n de la luz UV-C a trav\u00e9s de la tecnolog\u00eda de diodos emisores de luz (LED).\" \/>\n<meta name=\"robots\" content=\"noindex, follow, max-snippet:-1, max-image-preview:large, max-video-preview:-1\" \/>\n<meta name=\"twitter:card\" content=\"summary_large_image\" \/>\n<meta name=\"twitter:title\" content=\"LED Luminaires UV-C - Inovaci\u00f3n Productiva COVID-19 | Arquiled\" \/>\n<meta name=\"twitter:description\" content=\"Proyecto con el objetivo de desarrollar una soluci\u00f3n para esterilizar espacios y superficies, utilizando las propiedades de desinfecci\u00f3n de la luz UV-C a trav\u00e9s de la tecnolog\u00eda de diodos emisores de luz (LED).\" \/>\n<meta name=\"twitter:label1\" content=\"Tiempo de lectura\" \/>\n\t<meta name=\"twitter:data1\" content=\"3 minutos\" \/>\n<script type=\"application\/ld+json\" class=\"yoast-schema-graph\">{\"@context\":\"https:\/\/schema.org\",\"@graph\":[{\"@type\":\"WebPage\",\"@id\":\"https:\/\/arq.trigger.pt\/es-CO\/arquiled-proyectos-cofinanciados\/inovacao-produtiva-covid-19\/\",\"url\":\"https:\/\/arq.trigger.pt\/es-CO\/arquiled-proyectos-cofinanciados\/inovacao-produtiva-covid-19\/\",\"name\":\"LED Luminaires UV-C - Inovaci\u00f3n Productiva COVID-19 | Arquiled\",\"isPartOf\":{\"@id\":\"https:\/\/arq.trigger.pt\/es-CO\/#website\"},\"datePublished\":\"2020-08-03T14:56:48+00:00\",\"dateModified\":\"2020-11-13T11:53:55+00:00\",\"description\":\"Proyecto con el objetivo de desarrollar una soluci\u00f3n para esterilizar espacios y superficies, utilizando las propiedades de desinfecci\u00f3n de la luz UV-C a trav\u00e9s de la tecnolog\u00eda de diodos emisores de luz (LED).\",\"breadcrumb\":{\"@id\":\"https:\/\/arq.trigger.pt\/es-CO\/arquiled-proyectos-cofinanciados\/inovacao-produtiva-covid-19\/#breadcrumb\"},\"inLanguage\":\"es-CO\",\"potentialAction\":[{\"@type\":\"ReadAction\",\"target\":[\"https:\/\/arq.trigger.pt\/es-CO\/arquiled-proyectos-cofinanciados\/inovacao-produtiva-covid-19\/\"]}]},{\"@type\":\"BreadcrumbList\",\"@id\":\"https:\/\/arq.trigger.pt\/es-CO\/arquiled-proyectos-cofinanciados\/inovacao-produtiva-covid-19\/#breadcrumb\",\"itemListElement\":[{\"@type\":\"ListItem\",\"position\":1,\"name\":\"In\u00edcio\",\"item\":\"https:\/\/arq.trigger.pt\/es-CO\/\"},{\"@type\":\"ListItem\",\"position\":2,\"name\":\"Proyectos Cofinanciados\",\"item\":\"https:\/\/arq.trigger.pt\/es-CO\/arquiled-projetos-co-financiados\/\"},{\"@type\":\"ListItem\",\"position\":3,\"name\":\"LLUVC &#8211; Inova\u00e7\u00e3o Produtiva COVID-19\"}]},{\"@type\":\"WebSite\",\"@id\":\"https:\/\/arq.trigger.pt\/es-CO\/#website\",\"url\":\"https:\/\/arq.trigger.pt\/es-CO\/\",\"name\":\"Arquiled\",\"description\":\"Bright New Future\",\"publisher\":{\"@id\":\"https:\/\/arq.trigger.pt\/es-CO\/#organization\"},\"potentialAction\":[{\"@type\":\"SearchAction\",\"target\":{\"@type\":\"EntryPoint\",\"urlTemplate\":\"https:\/\/arq.trigger.pt\/es-CO\/?s={search_term_string}\"},\"query-input\":{\"@type\":\"PropertyValueSpecification\",\"valueRequired\":true,\"valueName\":\"search_term_string\"}}],\"inLanguage\":\"es-CO\"},{\"@type\":\"Organization\",\"@id\":\"https:\/\/arq.trigger.pt\/es-CO\/#organization\",\"name\":\"Arquiled - Bright New Future\",\"url\":\"https:\/\/arq.trigger.pt\/es-CO\/\",\"logo\":{\"@type\":\"ImageObject\",\"inLanguage\":\"es-CO\",\"@id\":\"https:\/\/arq.trigger.pt\/es-CO\/#\/schema\/logo\/image\/\",\"url\":\"https:\/\/arq.trigger.pt\/wp-content\/uploads\/2018\/01\/logo-arquiled_retina.png\",\"contentUrl\":\"https:\/\/arq.trigger.pt\/wp-content\/uploads\/2018\/01\/logo-arquiled_retina.png\",\"width\":490,\"height\":144,\"caption\":\"Arquiled - Bright New Future\"},\"image\":{\"@id\":\"https:\/\/arq.trigger.pt\/es-CO\/#\/schema\/logo\/image\/\"},\"sameAs\":[\"https:\/\/www.facebook.com\/arquilediluminacao\",\"https:\/\/www.linkedin.com\/company\/arquiled\/\"]}]}<\/script>\n<!-- \/ Yoast SEO plugin. -->","yoast_head_json":{"title":"LED Luminaires UV-C - Inovaci\u00f3n Productiva COVID-19 | Arquiled","description":"Proyecto con el objetivo de desarrollar una soluci\u00f3n para esterilizar espacios y superficies, utilizando las propiedades de desinfecci\u00f3n de la luz UV-C a trav\u00e9s de la tecnolog\u00eda de diodos emisores de luz (LED).","robots":{"index":"noindex","follow":"follow","max-snippet":"max-snippet:-1","max-image-preview":"max-image-preview:large","max-video-preview":"max-video-preview:-1"},"twitter_card":"summary_large_image","twitter_title":"LED Luminaires UV-C - Inovaci\u00f3n Productiva COVID-19 | Arquiled","twitter_description":"Proyecto con el objetivo de desarrollar una soluci\u00f3n para esterilizar espacios y superficies, utilizando las propiedades de desinfecci\u00f3n de la luz UV-C a trav\u00e9s de la tecnolog\u00eda de diodos emisores de luz (LED).","twitter_misc":{"Tiempo de lectura":"3 minutos"},"schema":{"@context":"https:\/\/schema.org","@graph":[{"@type":"WebPage","@id":"https:\/\/arq.trigger.pt\/es-CO\/arquiled-proyectos-cofinanciados\/inovacao-produtiva-covid-19\/","url":"https:\/\/arq.trigger.pt\/es-CO\/arquiled-proyectos-cofinanciados\/inovacao-produtiva-covid-19\/","name":"LED Luminaires UV-C - Inovaci\u00f3n Productiva COVID-19 | Arquiled","isPartOf":{"@id":"https:\/\/arq.trigger.pt\/es-CO\/#website"},"datePublished":"2020-08-03T14:56:48+00:00","dateModified":"2020-11-13T11:53:55+00:00","description":"Proyecto con el objetivo de desarrollar una soluci\u00f3n para esterilizar espacios y superficies, utilizando las propiedades de desinfecci\u00f3n de la luz UV-C a trav\u00e9s de la tecnolog\u00eda de diodos emisores de luz (LED).","breadcrumb":{"@id":"https:\/\/arq.trigger.pt\/es-CO\/arquiled-proyectos-cofinanciados\/inovacao-produtiva-covid-19\/#breadcrumb"},"inLanguage":"es-CO","potentialAction":[{"@type":"ReadAction","target":["https:\/\/arq.trigger.pt\/es-CO\/arquiled-proyectos-cofinanciados\/inovacao-produtiva-covid-19\/"]}]},{"@type":"BreadcrumbList","@id":"https:\/\/arq.trigger.pt\/es-CO\/arquiled-proyectos-cofinanciados\/inovacao-produtiva-covid-19\/#breadcrumb","itemListElement":[{"@type":"ListItem","position":1,"name":"In\u00edcio","item":"https:\/\/arq.trigger.pt\/es-CO\/"},{"@type":"ListItem","position":2,"name":"Proyectos Cofinanciados","item":"https:\/\/arq.trigger.pt\/es-CO\/arquiled-projetos-co-financiados\/"},{"@type":"ListItem","position":3,"name":"LLUVC &#8211; Inova\u00e7\u00e3o Produtiva COVID-19"}]},{"@type":"WebSite","@id":"https:\/\/arq.trigger.pt\/es-CO\/#website","url":"https:\/\/arq.trigger.pt\/es-CO\/","name":"Arquiled","description":"Bright New Future","publisher":{"@id":"https:\/\/arq.trigger.pt\/es-CO\/#organization"},"potentialAction":[{"@type":"SearchAction","target":{"@type":"EntryPoint","urlTemplate":"https:\/\/arq.trigger.pt\/es-CO\/?s={search_term_string}"},"query-input":{"@type":"PropertyValueSpecification","valueRequired":true,"valueName":"search_term_string"}}],"inLanguage":"es-CO"},{"@type":"Organization","@id":"https:\/\/arq.trigger.pt\/es-CO\/#organization","name":"Arquiled - Bright New Future","url":"https:\/\/arq.trigger.pt\/es-CO\/","logo":{"@type":"ImageObject","inLanguage":"es-CO","@id":"https:\/\/arq.trigger.pt\/es-CO\/#\/schema\/logo\/image\/","url":"https:\/\/arq.trigger.pt\/wp-content\/uploads\/2018\/01\/logo-arquiled_retina.png","contentUrl":"https:\/\/arq.trigger.pt\/wp-content\/uploads\/2018\/01\/logo-arquiled_retina.png","width":490,"height":144,"caption":"Arquiled - Bright New Future"},"image":{"@id":"https:\/\/arq.trigger.pt\/es-CO\/#\/schema\/logo\/image\/"},"sameAs":["https:\/\/www.facebook.com\/arquilediluminacao","https:\/\/www.linkedin.com\/company\/arquiled\/"]}]}},"_links":{"self":[{"href":"https:\/\/arq.trigger.pt\/es-CO\/wp-json\/wp\/v2\/pages\/65265","targetHints":{"allow":["GET"]}}],"collection":[{"href":"https:\/\/arq.trigger.pt\/es-CO\/wp-json\/wp\/v2\/pages"}],"about":[{"href":"https:\/\/arq.trigger.pt\/es-CO\/wp-json\/wp\/v2\/types\/page"}],"author":[{"embeddable":true,"href":"https:\/\/arq.trigger.pt\/es-CO\/wp-json\/wp\/v2\/users\/14"}],"replies":[{"embeddable":true,"href":"https:\/\/arq.trigger.pt\/es-CO\/wp-json\/wp\/v2\/comments?post=65265"}],"version-history":[{"count":0,"href":"https:\/\/arq.trigger.pt\/es-CO\/wp-json\/wp\/v2\/pages\/65265\/revisions"}],"up":[{"embeddable":true,"href":"https:\/\/arq.trigger.pt\/es-CO\/wp-json\/wp\/v2\/pages\/65251"}],"wp:attachment":[{"href":"https:\/\/arq.trigger.pt\/es-CO\/wp-json\/wp\/v2\/media?parent=65265"}],"curies":[{"name":"wp","href":"https:\/\/api.w.org\/{rel}","templated":true}]}}